{"id":554,"date":"2023-11-01T19:51:26","date_gmt":"2023-11-01T19:51:26","guid":{"rendered":"https:\/\/agilehunter.com\/mexico\/?post_type=product&#038;p=554"},"modified":"2024-11-20T00:58:09","modified_gmt":"2024-11-20T00:58:09","slug":"kanban-coaching-kc-mxn","status":"publish","type":"product","link":"https:\/\/agilehunter.com\/mexico\/product\/kanban-coaching-kc-mxn\/","title":{"rendered":"Kanban Coaching KC MXN"},"content":{"rendered":"<p>Con el Curso Kanban Coaching aprenda a entrenar para el cambio organizacional utilizando el enfoque de cambio evolutivo del m\u00e9todo Kanban<br \/>\nAprendiste qu\u00e9 es el modelo de madurez Kanban y c\u00f3mo construir un lienzo de cambio evolutivo. El siguiente paso para convertirse en coach es aprender a utilizar conceptos avanzados de gesti\u00f3n del cambio y conceptos sociol\u00f3gicos para abordar la resistencia subyacente com\u00fan en muchas culturas organizacionales.<br \/>\nAprenda a perfeccionar e iterar su Lienzo de Cambio Evolutivo para incluir aspectos de su cultura organizacional, incluida la resistencia de individuos y grupos. Comprenda y practique c\u00f3mo superar los estancamientos del cambio evitando al mismo tiempo los aspectos demasiado comunes de extralimitarse al considerar el cambio organizacional. Practique los seis pasos graduales para aumentar la motivaci\u00f3n para el cambio.<\/p>\n<div id=\"gtx-trans\" style=\"position: absolute; left: 371px; top: 142px;\">\n<div class=\"gtx-trans-icon\"><\/div>\n<\/div>\n","protected":false},"excerpt":{"rendered":"<p>Con el Curso Kanban Coaching aprenda a entrenar para el cambio organizacional utilizando el enfoque de cambio evolutivo del m\u00e9todo Kanban Aprendiste qu\u00e9 es el modelo de madurez Kanban y c\u00f3mo construir un lienzo de cambio evolutivo. El siguiente paso para convertirse en coach es aprender a utilizar conceptos avanzados de gesti\u00f3n del cambio y&hellip; <br \/> <a class=\"read-more\" href=\"https:\/\/agilehunter.com\/mexico\/product\/kanban-coaching-kc-mxn\/\">Leer m\u00e1s<\/a><\/p>\n","protected":false},"featured_media":552,"template":"","meta":{"_joinchat":[]},"product_brand":[],"product_cat":[15],"product_tag":[],"class_list":{"0":"post-554","1":"product","2":"type-product","3":"status-publish","4":"has-post-thumbnail","6":"product_cat-uncategorized","8":"first","9":"instock","10":"shipping-taxable","11":"purchasable","12":"product-type-simple"},"yoast_head":"<!-- This site is optimized with the Yoast SEO plugin v27.5 - https:\/\/yoast.com\/product\/yoast-seo-wordpress\/ -->\n<title>Kanban Coaching KC MXN - Agile Hunter M\u00e9xico<\/title>\n<meta name=\"robots\" content=\"index, follow, max-snippet:-1, max-image-preview:large, max-video-preview:-1\" \/>\n<link rel=\"canonical\" href=\"https:\/\/agilehunter.com\/mexico\/product\/kanban-coaching-kc-mxn\/\" \/>\n<meta property=\"og:locale\" content=\"es_MX\" \/>\n<meta property=\"og:type\" content=\"article\" \/>\n<meta property=\"og:title\" content=\"Kanban Coaching KC MXN - Agile Hunter M\u00e9xico\" \/>\n<meta property=\"og:description\" content=\"Con el Curso Kanban Coaching aprenda a entrenar para el cambio organizacional utilizando el enfoque de cambio evolutivo del m\u00e9todo Kanban Aprendiste qu\u00e9 es el modelo de madurez Kanban y c\u00f3mo construir un lienzo de cambio evolutivo. El siguiente paso para convertirse en coach es aprender a utilizar conceptos avanzados de gesti\u00f3n del cambio y&hellip; Leer m\u00e1s\" \/>\n<meta property=\"og:url\" content=\"https:\/\/agilehunter.com\/mexico\/product\/kanban-coaching-kc-mxn\/\" \/>\n<meta property=\"og:site_name\" content=\"Agile Hunter M\u00e9xico\" \/>\n<meta property=\"article:modified_time\" content=\"2024-11-20T00:58:09+00:00\" \/>\n<meta property=\"og:image\" content=\"https:\/\/agilehunter.com\/mexico\/wp-content\/uploads\/sites\/4\/2023\/11\/KC_AH.jpg\" \/>\n\t<meta property=\"og:image:width\" content=\"2000\" \/>\n\t<meta property=\"og:image:height\" content=\"2000\" \/>\n\t<meta property=\"og:image:type\" content=\"image\/jpeg\" \/>\n<meta name=\"twitter:card\" content=\"summary_large_image\" \/>\n<meta name=\"twitter:label1\" content=\"Tiempo de lectura\" \/>\n\t<meta name=\"twitter:data1\" content=\"1 minuto\" \/>\n<script type=\"application\/ld+json\" class=\"yoast-schema-graph\">{\"@context\":\"https:\\\/\\\/schema.org\",\"@graph\":[{\"@type\":\"WebPage\",\"@id\":\"https:\\\/\\\/agilehunter.com\\\/mexico\\\/product\\\/kanban-coaching-kc-mxn\\\/\",\"url\":\"https:\\\/\\\/agilehunter.com\\\/mexico\\\/product\\\/kanban-coaching-kc-mxn\\\/\",\"name\":\"Kanban Coaching KC MXN - Agile Hunter M\u00e9xico\",\"isPartOf\":{\"@id\":\"https:\\\/\\\/agilehunter.com\\\/mexico\\\/#website\"},\"primaryImageOfPage\":{\"@id\":\"https:\\\/\\\/agilehunter.com\\\/mexico\\\/product\\\/kanban-coaching-kc-mxn\\\/#primaryimage\"},\"image\":{\"@id\":\"https:\\\/\\\/agilehunter.com\\\/mexico\\\/product\\\/kanban-coaching-kc-mxn\\\/#primaryimage\"},\"thumbnailUrl\":\"https:\\\/\\\/agilehunter.com\\\/mexico\\\/wp-content\\\/uploads\\\/sites\\\/4\\\/2023\\\/11\\\/KC_AH.jpg\",\"datePublished\":\"2023-11-01T19:51:26+00:00\",\"dateModified\":\"2024-11-20T00:58:09+00:00\",\"breadcrumb\":{\"@id\":\"https:\\\/\\\/agilehunter.com\\\/mexico\\\/product\\\/kanban-coaching-kc-mxn\\\/#breadcrumb\"},\"inLanguage\":\"es\",\"potentialAction\":[{\"@type\":\"ReadAction\",\"target\":[\"https:\\\/\\\/agilehunter.com\\\/mexico\\\/product\\\/kanban-coaching-kc-mxn\\\/\"]}]},{\"@type\":\"ImageObject\",\"inLanguage\":\"es\",\"@id\":\"https:\\\/\\\/agilehunter.com\\\/mexico\\\/product\\\/kanban-coaching-kc-mxn\\\/#primaryimage\",\"url\":\"https:\\\/\\\/agilehunter.com\\\/mexico\\\/wp-content\\\/uploads\\\/sites\\\/4\\\/2023\\\/11\\\/KC_AH.jpg\",\"contentUrl\":\"https:\\\/\\\/agilehunter.com\\\/mexico\\\/wp-content\\\/uploads\\\/sites\\\/4\\\/2023\\\/11\\\/KC_AH.jpg\",\"width\":2000,\"height\":2000,\"caption\":\"Kanban Coaching KC Kanban University\"},{\"@type\":\"BreadcrumbList\",\"@id\":\"https:\\\/\\\/agilehunter.com\\\/mexico\\\/product\\\/kanban-coaching-kc-mxn\\\/#breadcrumb\",\"itemListElement\":[{\"@type\":\"ListItem\",\"position\":1,\"name\":\"Home\",\"item\":\"https:\\\/\\\/agilehunter.com\\\/mexico\\\/\"},{\"@type\":\"ListItem\",\"position\":2,\"name\":\"Shop\",\"item\":\"https:\\\/\\\/agilehunter.com\\\/mexico\\\/\"},{\"@type\":\"ListItem\",\"position\":3,\"name\":\"Kanban Coaching KC MXN\"}]},{\"@type\":\"WebSite\",\"@id\":\"https:\\\/\\\/agilehunter.com\\\/mexico\\\/#website\",\"url\":\"https:\\\/\\\/agilehunter.com\\\/mexico\\\/\",\"name\":\"Agile Hunter M\u00e9xico\",\"description\":\"Personas sobre procesos\",\"publisher\":{\"@id\":\"https:\\\/\\\/agilehunter.com\\\/mexico\\\/#organization\"},\"potentialAction\":[{\"@type\":\"SearchAction\",\"target\":{\"@type\":\"EntryPoint\",\"urlTemplate\":\"https:\\\/\\\/agilehunter.com\\\/mexico\\\/?s={search_term_string}\"},\"query-input\":{\"@type\":\"PropertyValueSpecification\",\"valueRequired\":true,\"valueName\":\"search_term_string\"}}],\"inLanguage\":\"es\"},{\"@type\":\"Organization\",\"@id\":\"https:\\\/\\\/agilehunter.com\\\/mexico\\\/#organization\",\"name\":\"Agile Hunter M\u00e9xico\",\"url\":\"https:\\\/\\\/agilehunter.com\\\/mexico\\\/\",\"logo\":{\"@type\":\"ImageObject\",\"inLanguage\":\"es\",\"@id\":\"https:\\\/\\\/agilehunter.com\\\/mexico\\\/#\\\/schema\\\/logo\\\/image\\\/\",\"url\":\"https:\\\/\\\/agilehunter.com\\\/mexico\\\/wp-content\\\/uploads\\\/sites\\\/4\\\/2020\\\/04\\\/cropped-sourcefile-01.png\",\"contentUrl\":\"https:\\\/\\\/agilehunter.com\\\/mexico\\\/wp-content\\\/uploads\\\/sites\\\/4\\\/2020\\\/04\\\/cropped-sourcefile-01.png\",\"width\":2842,\"height\":864,\"caption\":\"Agile Hunter M\u00e9xico\"},\"image\":{\"@id\":\"https:\\\/\\\/agilehunter.com\\\/mexico\\\/#\\\/schema\\\/logo\\\/image\\\/\"}}]}<\/script>\n<!-- \/ Yoast SEO plugin. -->","yoast_head_json":{"title":"Kanban Coaching KC MXN - Agile Hunter M\u00e9xico","robots":{"index":"index","follow":"follow","max-snippet":"max-snippet:-1","max-image-preview":"max-image-preview:large","max-video-preview":"max-video-preview:-1"},"canonical":"https:\/\/agilehunter.com\/mexico\/product\/kanban-coaching-kc-mxn\/","og_locale":"es_MX","og_type":"article","og_title":"Kanban Coaching KC MXN - Agile Hunter M\u00e9xico","og_description":"Con el Curso Kanban Coaching aprenda a entrenar para el cambio organizacional utilizando el enfoque de cambio evolutivo del m\u00e9todo Kanban Aprendiste qu\u00e9 es el modelo de madurez Kanban y c\u00f3mo construir un lienzo de cambio evolutivo. El siguiente paso para convertirse en coach es aprender a utilizar conceptos avanzados de gesti\u00f3n del cambio y&hellip; Leer m\u00e1s","og_url":"https:\/\/agilehunter.com\/mexico\/product\/kanban-coaching-kc-mxn\/","og_site_name":"Agile Hunter M\u00e9xico","article_modified_time":"2024-11-20T00:58:09+00:00","og_image":[{"width":2000,"height":2000,"url":"https:\/\/agilehunter.com\/mexico\/wp-content\/uploads\/sites\/4\/2023\/11\/KC_AH.jpg","type":"image\/jpeg"}],"twitter_card":"summary_large_image","twitter_misc":{"Tiempo de lectura":"1 minuto"},"schema":{"@context":"https:\/\/schema.org","@graph":[{"@type":"WebPage","@id":"https:\/\/agilehunter.com\/mexico\/product\/kanban-coaching-kc-mxn\/","url":"https:\/\/agilehunter.com\/mexico\/product\/kanban-coaching-kc-mxn\/","name":"Kanban Coaching KC MXN - Agile Hunter M\u00e9xico","isPartOf":{"@id":"https:\/\/agilehunter.com\/mexico\/#website"},"primaryImageOfPage":{"@id":"https:\/\/agilehunter.com\/mexico\/product\/kanban-coaching-kc-mxn\/#primaryimage"},"image":{"@id":"https:\/\/agilehunter.com\/mexico\/product\/kanban-coaching-kc-mxn\/#primaryimage"},"thumbnailUrl":"https:\/\/agilehunter.com\/mexico\/wp-content\/uploads\/sites\/4\/2023\/11\/KC_AH.jpg","datePublished":"2023-11-01T19:51:26+00:00","dateModified":"2024-11-20T00:58:09+00:00","breadcrumb":{"@id":"https:\/\/agilehunter.com\/mexico\/product\/kanban-coaching-kc-mxn\/#breadcrumb"},"inLanguage":"es","potentialAction":[{"@type":"ReadAction","target":["https:\/\/agilehunter.com\/mexico\/product\/kanban-coaching-kc-mxn\/"]}]},{"@type":"ImageObject","inLanguage":"es","@id":"https:\/\/agilehunter.com\/mexico\/product\/kanban-coaching-kc-mxn\/#primaryimage","url":"https:\/\/agilehunter.com\/mexico\/wp-content\/uploads\/sites\/4\/2023\/11\/KC_AH.jpg","contentUrl":"https:\/\/agilehunter.com\/mexico\/wp-content\/uploads\/sites\/4\/2023\/11\/KC_AH.jpg","width":2000,"height":2000,"caption":"Kanban Coaching KC Kanban University"},{"@type":"BreadcrumbList","@id":"https:\/\/agilehunter.com\/mexico\/product\/kanban-coaching-kc-mxn\/#breadcrumb","itemListElement":[{"@type":"ListItem","position":1,"name":"Home","item":"https:\/\/agilehunter.com\/mexico\/"},{"@type":"ListItem","position":2,"name":"Shop","item":"https:\/\/agilehunter.com\/mexico\/"},{"@type":"ListItem","position":3,"name":"Kanban Coaching KC MXN"}]},{"@type":"WebSite","@id":"https:\/\/agilehunter.com\/mexico\/#website","url":"https:\/\/agilehunter.com\/mexico\/","name":"Agile Hunter M\u00e9xico","description":"Personas sobre procesos","publisher":{"@id":"https:\/\/agilehunter.com\/mexico\/#organization"},"potentialAction":[{"@type":"SearchAction","target":{"@type":"EntryPoint","urlTemplate":"https:\/\/agilehunter.com\/mexico\/?s={search_term_string}"},"query-input":{"@type":"PropertyValueSpecification","valueRequired":true,"valueName":"search_term_string"}}],"inLanguage":"es"},{"@type":"Organization","@id":"https:\/\/agilehunter.com\/mexico\/#organization","name":"Agile Hunter M\u00e9xico","url":"https:\/\/agilehunter.com\/mexico\/","logo":{"@type":"ImageObject","inLanguage":"es","@id":"https:\/\/agilehunter.com\/mexico\/#\/schema\/logo\/image\/","url":"https:\/\/agilehunter.com\/mexico\/wp-content\/uploads\/sites\/4\/2020\/04\/cropped-sourcefile-01.png","contentUrl":"https:\/\/agilehunter.com\/mexico\/wp-content\/uploads\/sites\/4\/2020\/04\/cropped-sourcefile-01.png","width":2842,"height":864,"caption":"Agile Hunter M\u00e9xico"},"image":{"@id":"https:\/\/agilehunter.com\/mexico\/#\/schema\/logo\/image\/"}}]}},"_links":{"self":[{"href":"https:\/\/agilehunter.com\/mexico\/wp-json\/wp\/v2\/product\/554","targetHints":{"allow":["GET"]}}],"collection":[{"href":"https:\/\/agilehunter.com\/mexico\/wp-json\/wp\/v2\/product"}],"about":[{"href":"https:\/\/agilehunter.com\/mexico\/wp-json\/wp\/v2\/types\/product"}],"wp:featuredmedia":[{"embeddable":true,"href":"https:\/\/agilehunter.com\/mexico\/wp-json\/wp\/v2\/media\/552"}],"wp:attachment":[{"href":"https:\/\/agilehunter.com\/mexico\/wp-json\/wp\/v2\/media?parent=554"}],"wp:term":[{"taxonomy":"product_brand","embeddable":true,"href":"https:\/\/agilehunter.com\/mexico\/wp-json\/wp\/v2\/product_brand?post=554"},{"taxonomy":"product_cat","embeddable":true,"href":"https:\/\/agilehunter.com\/mexico\/wp-json\/wp\/v2\/product_cat?post=554"},{"taxonomy":"product_tag","embeddable":true,"href":"https:\/\/agilehunter.com\/mexico\/wp-json\/wp\/v2\/product_tag?post=554"}],"curies":[{"name":"wp","href":"https:\/\/api.w.org\/{rel}","templated":true}]}}