{"id":544,"date":"2023-09-12T22:01:07","date_gmt":"2023-09-12T22:01:07","guid":{"rendered":"https:\/\/agilehunter.com\/mexico\/?post_type=product&#038;p=544"},"modified":"2024-11-20T00:58:50","modified_gmt":"2024-11-20T00:58:50","slug":"scrum-better-with-kanban-mxn","status":"publish","type":"product","link":"https:\/\/agilehunter.com\/mexico\/product\/scrum-better-with-kanban-mxn\/","title":{"rendered":"Scrum Better With Kanban (SBK) &#8211; MXN"},"content":{"rendered":"<p>Scrum Better with Kanban puede ayudarle a mejorar su implementaci\u00f3n Scrum mediante la introducci\u00f3n de pr\u00e1cticas y principios Kanban probados as\u00ed como la aplicaci\u00f3n de cambios evolutivos.<\/p>\n","protected":false},"excerpt":{"rendered":"<p>Scrum Better with Kanban puede ayudarle a mejorar su implementaci\u00f3n Scrum mediante la introducci\u00f3n de pr\u00e1cticas y principios Kanban probados as\u00ed como la aplicaci\u00f3n de cambios evolutivos.<\/p>\n","protected":false},"featured_media":545,"template":"","meta":{"_joinchat":[]},"product_brand":[],"product_cat":[17],"product_tag":[],"class_list":{"0":"post-544","1":"product","2":"type-product","3":"status-publish","4":"has-post-thumbnail","6":"product_cat-certificaciones","8":"first","9":"instock","10":"shipping-taxable","11":"purchasable","12":"product-type-simple"},"yoast_head":"<!-- This site is optimized with the Yoast SEO plugin v27.5 - https:\/\/yoast.com\/product\/yoast-seo-wordpress\/ -->\n<title>Scrum Better With Kanban (SBK) - MXN - Agile Hunter M\u00e9xico<\/title>\n<meta name=\"robots\" content=\"index, follow, max-snippet:-1, max-image-preview:large, max-video-preview:-1\" \/>\n<link rel=\"canonical\" href=\"https:\/\/agilehunter.com\/mexico\/product\/scrum-better-with-kanban-mxn\/\" \/>\n<meta property=\"og:locale\" content=\"es_MX\" \/>\n<meta property=\"og:type\" content=\"article\" \/>\n<meta property=\"og:title\" content=\"Scrum Better With Kanban (SBK) - MXN - Agile Hunter M\u00e9xico\" \/>\n<meta property=\"og:description\" content=\"Scrum Better with Kanban puede ayudarle a mejorar su implementaci\u00f3n Scrum mediante la introducci\u00f3n de pr\u00e1cticas y principios Kanban probados as\u00ed como la aplicaci\u00f3n de cambios evolutivos.\" \/>\n<meta property=\"og:url\" content=\"https:\/\/agilehunter.com\/mexico\/product\/scrum-better-with-kanban-mxn\/\" \/>\n<meta property=\"og:site_name\" content=\"Agile Hunter M\u00e9xico\" \/>\n<meta property=\"article:modified_time\" content=\"2024-11-20T00:58:50+00:00\" \/>\n<meta property=\"og:image\" content=\"https:\/\/agilehunter.com\/mexico\/wp-content\/uploads\/sites\/4\/2023\/09\/ScrumKanbanPractitioner.jpg\" \/>\n\t<meta property=\"og:image:width\" content=\"2000\" \/>\n\t<meta property=\"og:image:height\" content=\"2000\" \/>\n\t<meta property=\"og:image:type\" content=\"image\/jpeg\" \/>\n<meta name=\"twitter:card\" content=\"summary_large_image\" \/>\n<meta name=\"twitter:label1\" content=\"Tiempo de lectura\" \/>\n\t<meta name=\"twitter:data1\" content=\"1 minuto\" \/>\n<script type=\"application\/ld+json\" class=\"yoast-schema-graph\">{\"@context\":\"https:\\\/\\\/schema.org\",\"@graph\":[{\"@type\":\"WebPage\",\"@id\":\"https:\\\/\\\/agilehunter.com\\\/mexico\\\/product\\\/scrum-better-with-kanban-mxn\\\/\",\"url\":\"https:\\\/\\\/agilehunter.com\\\/mexico\\\/product\\\/scrum-better-with-kanban-mxn\\\/\",\"name\":\"Scrum Better With Kanban (SBK) - MXN - Agile Hunter M\u00e9xico\",\"isPartOf\":{\"@id\":\"https:\\\/\\\/agilehunter.com\\\/mexico\\\/#website\"},\"primaryImageOfPage\":{\"@id\":\"https:\\\/\\\/agilehunter.com\\\/mexico\\\/product\\\/scrum-better-with-kanban-mxn\\\/#primaryimage\"},\"image\":{\"@id\":\"https:\\\/\\\/agilehunter.com\\\/mexico\\\/product\\\/scrum-better-with-kanban-mxn\\\/#primaryimage\"},\"thumbnailUrl\":\"https:\\\/\\\/agilehunter.com\\\/mexico\\\/wp-content\\\/uploads\\\/sites\\\/4\\\/2023\\\/09\\\/ScrumKanbanPractitioner.jpg\",\"datePublished\":\"2023-09-12T22:01:07+00:00\",\"dateModified\":\"2024-11-20T00:58:50+00:00\",\"breadcrumb\":{\"@id\":\"https:\\\/\\\/agilehunter.com\\\/mexico\\\/product\\\/scrum-better-with-kanban-mxn\\\/#breadcrumb\"},\"inLanguage\":\"es\",\"potentialAction\":[{\"@type\":\"ReadAction\",\"target\":[\"https:\\\/\\\/agilehunter.com\\\/mexico\\\/product\\\/scrum-better-with-kanban-mxn\\\/\"]}]},{\"@type\":\"ImageObject\",\"inLanguage\":\"es\",\"@id\":\"https:\\\/\\\/agilehunter.com\\\/mexico\\\/product\\\/scrum-better-with-kanban-mxn\\\/#primaryimage\",\"url\":\"https:\\\/\\\/agilehunter.com\\\/mexico\\\/wp-content\\\/uploads\\\/sites\\\/4\\\/2023\\\/09\\\/ScrumKanbanPractitioner.jpg\",\"contentUrl\":\"https:\\\/\\\/agilehunter.com\\\/mexico\\\/wp-content\\\/uploads\\\/sites\\\/4\\\/2023\\\/09\\\/ScrumKanbanPractitioner.jpg\",\"width\":2000,\"height\":2000,\"caption\":\"Scrum Better With Kanban\"},{\"@type\":\"BreadcrumbList\",\"@id\":\"https:\\\/\\\/agilehunter.com\\\/mexico\\\/product\\\/scrum-better-with-kanban-mxn\\\/#breadcrumb\",\"itemListElement\":[{\"@type\":\"ListItem\",\"position\":1,\"name\":\"Home\",\"item\":\"https:\\\/\\\/agilehunter.com\\\/mexico\\\/\"},{\"@type\":\"ListItem\",\"position\":2,\"name\":\"Shop\",\"item\":\"https:\\\/\\\/agilehunter.com\\\/mexico\\\/\"},{\"@type\":\"ListItem\",\"position\":3,\"name\":\"Scrum Better With Kanban (SBK) &#8211; MXN\"}]},{\"@type\":\"WebSite\",\"@id\":\"https:\\\/\\\/agilehunter.com\\\/mexico\\\/#website\",\"url\":\"https:\\\/\\\/agilehunter.com\\\/mexico\\\/\",\"name\":\"Agile Hunter M\u00e9xico\",\"description\":\"Personas sobre procesos\",\"publisher\":{\"@id\":\"https:\\\/\\\/agilehunter.com\\\/mexico\\\/#organization\"},\"potentialAction\":[{\"@type\":\"SearchAction\",\"target\":{\"@type\":\"EntryPoint\",\"urlTemplate\":\"https:\\\/\\\/agilehunter.com\\\/mexico\\\/?s={search_term_string}\"},\"query-input\":{\"@type\":\"PropertyValueSpecification\",\"valueRequired\":true,\"valueName\":\"search_term_string\"}}],\"inLanguage\":\"es\"},{\"@type\":\"Organization\",\"@id\":\"https:\\\/\\\/agilehunter.com\\\/mexico\\\/#organization\",\"name\":\"Agile Hunter M\u00e9xico\",\"url\":\"https:\\\/\\\/agilehunter.com\\\/mexico\\\/\",\"logo\":{\"@type\":\"ImageObject\",\"inLanguage\":\"es\",\"@id\":\"https:\\\/\\\/agilehunter.com\\\/mexico\\\/#\\\/schema\\\/logo\\\/image\\\/\",\"url\":\"https:\\\/\\\/agilehunter.com\\\/mexico\\\/wp-content\\\/uploads\\\/sites\\\/4\\\/2020\\\/04\\\/cropped-sourcefile-01.png\",\"contentUrl\":\"https:\\\/\\\/agilehunter.com\\\/mexico\\\/wp-content\\\/uploads\\\/sites\\\/4\\\/2020\\\/04\\\/cropped-sourcefile-01.png\",\"width\":2842,\"height\":864,\"caption\":\"Agile Hunter M\u00e9xico\"},\"image\":{\"@id\":\"https:\\\/\\\/agilehunter.com\\\/mexico\\\/#\\\/schema\\\/logo\\\/image\\\/\"}}]}<\/script>\n<!-- \/ Yoast SEO plugin. -->","yoast_head_json":{"title":"Scrum Better With Kanban (SBK) - MXN - Agile Hunter M\u00e9xico","robots":{"index":"index","follow":"follow","max-snippet":"max-snippet:-1","max-image-preview":"max-image-preview:large","max-video-preview":"max-video-preview:-1"},"canonical":"https:\/\/agilehunter.com\/mexico\/product\/scrum-better-with-kanban-mxn\/","og_locale":"es_MX","og_type":"article","og_title":"Scrum Better With Kanban (SBK) - MXN - Agile Hunter M\u00e9xico","og_description":"Scrum Better with Kanban puede ayudarle a mejorar su implementaci\u00f3n Scrum mediante la introducci\u00f3n de pr\u00e1cticas y principios Kanban probados as\u00ed como la aplicaci\u00f3n de cambios evolutivos.","og_url":"https:\/\/agilehunter.com\/mexico\/product\/scrum-better-with-kanban-mxn\/","og_site_name":"Agile Hunter M\u00e9xico","article_modified_time":"2024-11-20T00:58:50+00:00","og_image":[{"width":2000,"height":2000,"url":"https:\/\/agilehunter.com\/mexico\/wp-content\/uploads\/sites\/4\/2023\/09\/ScrumKanbanPractitioner.jpg","type":"image\/jpeg"}],"twitter_card":"summary_large_image","twitter_misc":{"Tiempo de lectura":"1 minuto"},"schema":{"@context":"https:\/\/schema.org","@graph":[{"@type":"WebPage","@id":"https:\/\/agilehunter.com\/mexico\/product\/scrum-better-with-kanban-mxn\/","url":"https:\/\/agilehunter.com\/mexico\/product\/scrum-better-with-kanban-mxn\/","name":"Scrum Better With Kanban (SBK) - MXN - Agile Hunter M\u00e9xico","isPartOf":{"@id":"https:\/\/agilehunter.com\/mexico\/#website"},"primaryImageOfPage":{"@id":"https:\/\/agilehunter.com\/mexico\/product\/scrum-better-with-kanban-mxn\/#primaryimage"},"image":{"@id":"https:\/\/agilehunter.com\/mexico\/product\/scrum-better-with-kanban-mxn\/#primaryimage"},"thumbnailUrl":"https:\/\/agilehunter.com\/mexico\/wp-content\/uploads\/sites\/4\/2023\/09\/ScrumKanbanPractitioner.jpg","datePublished":"2023-09-12T22:01:07+00:00","dateModified":"2024-11-20T00:58:50+00:00","breadcrumb":{"@id":"https:\/\/agilehunter.com\/mexico\/product\/scrum-better-with-kanban-mxn\/#breadcrumb"},"inLanguage":"es","potentialAction":[{"@type":"ReadAction","target":["https:\/\/agilehunter.com\/mexico\/product\/scrum-better-with-kanban-mxn\/"]}]},{"@type":"ImageObject","inLanguage":"es","@id":"https:\/\/agilehunter.com\/mexico\/product\/scrum-better-with-kanban-mxn\/#primaryimage","url":"https:\/\/agilehunter.com\/mexico\/wp-content\/uploads\/sites\/4\/2023\/09\/ScrumKanbanPractitioner.jpg","contentUrl":"https:\/\/agilehunter.com\/mexico\/wp-content\/uploads\/sites\/4\/2023\/09\/ScrumKanbanPractitioner.jpg","width":2000,"height":2000,"caption":"Scrum Better With Kanban"},{"@type":"BreadcrumbList","@id":"https:\/\/agilehunter.com\/mexico\/product\/scrum-better-with-kanban-mxn\/#breadcrumb","itemListElement":[{"@type":"ListItem","position":1,"name":"Home","item":"https:\/\/agilehunter.com\/mexico\/"},{"@type":"ListItem","position":2,"name":"Shop","item":"https:\/\/agilehunter.com\/mexico\/"},{"@type":"ListItem","position":3,"name":"Scrum Better With Kanban (SBK) &#8211; MXN"}]},{"@type":"WebSite","@id":"https:\/\/agilehunter.com\/mexico\/#website","url":"https:\/\/agilehunter.com\/mexico\/","name":"Agile Hunter M\u00e9xico","description":"Personas sobre procesos","publisher":{"@id":"https:\/\/agilehunter.com\/mexico\/#organization"},"potentialAction":[{"@type":"SearchAction","target":{"@type":"EntryPoint","urlTemplate":"https:\/\/agilehunter.com\/mexico\/?s={search_term_string}"},"query-input":{"@type":"PropertyValueSpecification","valueRequired":true,"valueName":"search_term_string"}}],"inLanguage":"es"},{"@type":"Organization","@id":"https:\/\/agilehunter.com\/mexico\/#organization","name":"Agile Hunter M\u00e9xico","url":"https:\/\/agilehunter.com\/mexico\/","logo":{"@type":"ImageObject","inLanguage":"es","@id":"https:\/\/agilehunter.com\/mexico\/#\/schema\/logo\/image\/","url":"https:\/\/agilehunter.com\/mexico\/wp-content\/uploads\/sites\/4\/2020\/04\/cropped-sourcefile-01.png","contentUrl":"https:\/\/agilehunter.com\/mexico\/wp-content\/uploads\/sites\/4\/2020\/04\/cropped-sourcefile-01.png","width":2842,"height":864,"caption":"Agile Hunter M\u00e9xico"},"image":{"@id":"https:\/\/agilehunter.com\/mexico\/#\/schema\/logo\/image\/"}}]}},"_links":{"self":[{"href":"https:\/\/agilehunter.com\/mexico\/wp-json\/wp\/v2\/product\/544","targetHints":{"allow":["GET"]}}],"collection":[{"href":"https:\/\/agilehunter.com\/mexico\/wp-json\/wp\/v2\/product"}],"about":[{"href":"https:\/\/agilehunter.com\/mexico\/wp-json\/wp\/v2\/types\/product"}],"wp:featuredmedia":[{"embeddable":true,"href":"https:\/\/agilehunter.com\/mexico\/wp-json\/wp\/v2\/media\/545"}],"wp:attachment":[{"href":"https:\/\/agilehunter.com\/mexico\/wp-json\/wp\/v2\/media?parent=544"}],"wp:term":[{"taxonomy":"product_brand","embeddable":true,"href":"https:\/\/agilehunter.com\/mexico\/wp-json\/wp\/v2\/product_brand?post=544"},{"taxonomy":"product_cat","embeddable":true,"href":"https:\/\/agilehunter.com\/mexico\/wp-json\/wp\/v2\/product_cat?post=544"},{"taxonomy":"product_tag","embeddable":true,"href":"https:\/\/agilehunter.com\/mexico\/wp-json\/wp\/v2\/product_tag?post=544"}],"curies":[{"name":"wp","href":"https:\/\/api.w.org\/{rel}","templated":true}]}}