{"id":65,"date":"2017-11-10T14:08:51","date_gmt":"2017-11-10T14:08:51","guid":{"rendered":"http:\/\/tag_link_site_url\/mesmerize\/"},"modified":"2020-04-19T17:24:31","modified_gmt":"2020-04-19T17:24:31","slug":"mesmerize","status":"publish","type":"page","link":"https:\/\/agilehunter.com\/jobs\/","title":{"rendered":"Front Page"},"content":{"rendered":"<div  data-label=\"Features\" data-id=\"features--1\" data-export-id=\"features-13-card-bordered\" data-category=\"features\" class=\"features-13 content-section content-section-spacing\" id=\"features-1\" style=\"background-color: rgb(255, 255, 255);\"><div  class=\"gridContainer\"> <div  class=\"row text-center\"><div  class=\"section-title-col\" data-type=\"column\">  <p  class=\"lead\">Te ayudamos a conseguir nuevas oportunidades en el \u00e1rea de TI o a encontrar al candidato id\u00f3neo para tu compa\u00f1\u00eda\n<\/p><\/div> <\/div> <div  class=\"row spaced-cols content-center-sm center-sm\" data-type=\"row\">  <div  class=\"col-sm-4 col-md-6 \"> <div  class=\"card bordered y-move\" data-type=\"column\"> <i  class=\"fa icon color1 fa-address-card reverse round big\"><\/i> <h4  class=\"\">PARA CANDIDATOS<\/h4> <p  class=\"\">\u00bfEst\u00e1s interesado en encontrar oportunidades en TI? Te podemos ayudar a encontrar tu trabajo ideal.<\/p> <a  class=\"button small y-move color2\" href=\"https:\/\/agilehunter.com\/jobs\/candidatos\" target=\"_self\" data-cp-link=\"1\" rel=\"noopener noreferrer\">VER M\u00c1S<\/a><\/div> <\/div><div  class=\"col-sm-4 col-md-6 \"> <div  class=\"card bordered y-move\" data-type=\"column\"> <i  class=\"fa icon color1 fa-group reverse round big\"><\/i> <h4  class=\"\">PARA RECLUTADORES<\/h4> <p  class=\"\">Tenemos cientos de alumnos certificados interesados en recibir nuevas propuestas laborales.<\/p> <a  class=\"button small y-move color2\" href=\"https:\/\/agilehunter.com\/jobs\/reclutadores\" target=\"_self\" data-cp-link=\"1\" rel=\"noopener noreferrer\">VER M\u00c1S<\/a><\/div> <\/div> <\/div> <\/div><\/div>","protected":false},"excerpt":{"rendered":"<p>Te ayudamos a conseguir nuevas oportunidades en el \u00e1rea de TI o a encontrar al candidato id\u00f3neo para tu compa\u00f1\u00eda PARA CANDIDATOS \u00bfEst\u00e1s interesado en encontrar oportunidades en TI? Te podemos ayudar a encontrar tu trabajo ideal. VER M\u00c1S PARA RECLUTADORES Tenemos cientos de alumnos certificados interesados en recibir nuevas propuestas laborales. VER M\u00c1S<\/p>\n","protected":false},"author":2,"featured_media":0,"parent":0,"menu_order":0,"comment_status":"closed","ping_status":"closed","template":"page-templates\/homepage.php","meta":{"_joinchat":[],"footnotes":""},"class_list":["post-65","page","type-page","status-publish","hentry"],"yoast_head":"<!-- This site is optimized with the Yoast SEO plugin v27.2 - https:\/\/yoast.com\/product\/yoast-seo-wordpress\/ -->\n<title>Front Page - Agile Hunter - Bolsa de Trabajo<\/title>\n<meta name=\"robots\" content=\"index, follow, max-snippet:-1, max-image-preview:large, max-video-preview:-1\" \/>\n<link rel=\"canonical\" href=\"https:\/\/agilehunter.com\/jobs\/\" \/>\n<meta property=\"og:locale\" content=\"en_US\" \/>\n<meta property=\"og:type\" content=\"article\" \/>\n<meta property=\"og:title\" content=\"Front Page - Agile Hunter - Bolsa de Trabajo\" \/>\n<meta property=\"og:description\" content=\"Te ayudamos a conseguir nuevas oportunidades en el \u00e1rea de TI o a encontrar al candidato id\u00f3neo para tu compa\u00f1\u00eda PARA CANDIDATOS \u00bfEst\u00e1s interesado en encontrar oportunidades en TI? Te podemos ayudar a encontrar tu trabajo ideal. VER M\u00c1S PARA RECLUTADORES Tenemos cientos de alumnos certificados interesados en recibir nuevas propuestas laborales. VER M\u00c1S\" \/>\n<meta property=\"og:url\" content=\"https:\/\/agilehunter.com\/jobs\/\" \/>\n<meta property=\"og:site_name\" content=\"Agile Hunter - Bolsa de Trabajo\" \/>\n<meta property=\"article:modified_time\" content=\"2020-04-19T17:24:31+00:00\" \/>\n<meta name=\"twitter:card\" content=\"summary_large_image\" \/>\n<script type=\"application\/ld+json\" class=\"yoast-schema-graph\">{\"@context\":\"https:\/\/schema.org\",\"@graph\":[{\"@type\":\"WebPage\",\"@id\":\"https:\/\/agilehunter.com\/jobs\/\",\"url\":\"https:\/\/agilehunter.com\/jobs\/\",\"name\":\"Front Page - Agile Hunter - Bolsa de Trabajo\",\"isPartOf\":{\"@id\":\"https:\/\/agilehunter.com\/jobs\/#website\"},\"datePublished\":\"2017-11-10T14:08:51+00:00\",\"dateModified\":\"2020-04-19T17:24:31+00:00\",\"breadcrumb\":{\"@id\":\"https:\/\/agilehunter.com\/jobs\/#breadcrumb\"},\"inLanguage\":\"en-US\",\"potentialAction\":[{\"@type\":\"ReadAction\",\"target\":[\"https:\/\/agilehunter.com\/jobs\/\"]}]},{\"@type\":\"BreadcrumbList\",\"@id\":\"https:\/\/agilehunter.com\/jobs\/#breadcrumb\",\"itemListElement\":[{\"@type\":\"ListItem\",\"position\":1,\"name\":\"Home\",\"item\":\"https:\/\/agilehunter.com\/jobs\/\"},{\"@type\":\"ListItem\",\"position\":2,\"name\":\"Front Page\"}]},{\"@type\":\"WebSite\",\"@id\":\"https:\/\/agilehunter.com\/jobs\/#website\",\"url\":\"https:\/\/agilehunter.com\/jobs\/\",\"name\":\"Agile Hunter - Bolsa de Trabajo\",\"description\":\"Personas sobre procesos\",\"publisher\":{\"@id\":\"https:\/\/agilehunter.com\/jobs\/#organization\"},\"potentialAction\":[{\"@type\":\"SearchAction\",\"target\":{\"@type\":\"EntryPoint\",\"urlTemplate\":\"https:\/\/agilehunter.com\/jobs\/?s={search_term_string}\"},\"query-input\":{\"@type\":\"PropertyValueSpecification\",\"valueRequired\":true,\"valueName\":\"search_term_string\"}}],\"inLanguage\":\"en-US\"},{\"@type\":\"Organization\",\"@id\":\"https:\/\/agilehunter.com\/jobs\/#organization\",\"name\":\"Agile Hunter - Bolsa de Trabajo\",\"url\":\"https:\/\/agilehunter.com\/jobs\/\",\"logo\":{\"@type\":\"ImageObject\",\"inLanguage\":\"en-US\",\"@id\":\"https:\/\/agilehunter.com\/jobs\/#\/schema\/logo\/image\/\",\"url\":\"https:\/\/agilehunter.com\/jobs\/wp-content\/uploads\/sites\/5\/2020\/04\/cropped-sourcefile-01.png\",\"contentUrl\":\"https:\/\/agilehunter.com\/jobs\/wp-content\/uploads\/sites\/5\/2020\/04\/cropped-sourcefile-01.png\",\"width\":2836,\"height\":780,\"caption\":\"Agile Hunter - Bolsa de Trabajo\"},\"image\":{\"@id\":\"https:\/\/agilehunter.com\/jobs\/#\/schema\/logo\/image\/\"}}]}<\/script>\n<!-- \/ Yoast SEO plugin. -->","yoast_head_json":{"title":"Front Page - Agile Hunter - Bolsa de Trabajo","robots":{"index":"index","follow":"follow","max-snippet":"max-snippet:-1","max-image-preview":"max-image-preview:large","max-video-preview":"max-video-preview:-1"},"canonical":"https:\/\/agilehunter.com\/jobs\/","og_locale":"en_US","og_type":"article","og_title":"Front Page - Agile Hunter - Bolsa de Trabajo","og_description":"Te ayudamos a conseguir nuevas oportunidades en el \u00e1rea de TI o a encontrar al candidato id\u00f3neo para tu compa\u00f1\u00eda PARA CANDIDATOS \u00bfEst\u00e1s interesado en encontrar oportunidades en TI? Te podemos ayudar a encontrar tu trabajo ideal. VER M\u00c1S PARA RECLUTADORES Tenemos cientos de alumnos certificados interesados en recibir nuevas propuestas laborales. VER M\u00c1S","og_url":"https:\/\/agilehunter.com\/jobs\/","og_site_name":"Agile Hunter - Bolsa de Trabajo","article_modified_time":"2020-04-19T17:24:31+00:00","twitter_card":"summary_large_image","schema":{"@context":"https:\/\/schema.org","@graph":[{"@type":"WebPage","@id":"https:\/\/agilehunter.com\/jobs\/","url":"https:\/\/agilehunter.com\/jobs\/","name":"Front Page - Agile Hunter - Bolsa de Trabajo","isPartOf":{"@id":"https:\/\/agilehunter.com\/jobs\/#website"},"datePublished":"2017-11-10T14:08:51+00:00","dateModified":"2020-04-19T17:24:31+00:00","breadcrumb":{"@id":"https:\/\/agilehunter.com\/jobs\/#breadcrumb"},"inLanguage":"en-US","potentialAction":[{"@type":"ReadAction","target":["https:\/\/agilehunter.com\/jobs\/"]}]},{"@type":"BreadcrumbList","@id":"https:\/\/agilehunter.com\/jobs\/#breadcrumb","itemListElement":[{"@type":"ListItem","position":1,"name":"Home","item":"https:\/\/agilehunter.com\/jobs\/"},{"@type":"ListItem","position":2,"name":"Front Page"}]},{"@type":"WebSite","@id":"https:\/\/agilehunter.com\/jobs\/#website","url":"https:\/\/agilehunter.com\/jobs\/","name":"Agile Hunter - Bolsa de Trabajo","description":"Personas sobre procesos","publisher":{"@id":"https:\/\/agilehunter.com\/jobs\/#organization"},"potentialAction":[{"@type":"SearchAction","target":{"@type":"EntryPoint","urlTemplate":"https:\/\/agilehunter.com\/jobs\/?s={search_term_string}"},"query-input":{"@type":"PropertyValueSpecification","valueRequired":true,"valueName":"search_term_string"}}],"inLanguage":"en-US"},{"@type":"Organization","@id":"https:\/\/agilehunter.com\/jobs\/#organization","name":"Agile Hunter - Bolsa de Trabajo","url":"https:\/\/agilehunter.com\/jobs\/","logo":{"@type":"ImageObject","inLanguage":"en-US","@id":"https:\/\/agilehunter.com\/jobs\/#\/schema\/logo\/image\/","url":"https:\/\/agilehunter.com\/jobs\/wp-content\/uploads\/sites\/5\/2020\/04\/cropped-sourcefile-01.png","contentUrl":"https:\/\/agilehunter.com\/jobs\/wp-content\/uploads\/sites\/5\/2020\/04\/cropped-sourcefile-01.png","width":2836,"height":780,"caption":"Agile Hunter - Bolsa de Trabajo"},"image":{"@id":"https:\/\/agilehunter.com\/jobs\/#\/schema\/logo\/image\/"}}]}},"_links":{"self":[{"href":"https:\/\/agilehunter.com\/jobs\/wp-json\/wp\/v2\/pages\/65","targetHints":{"allow":["GET"]}}],"collection":[{"href":"https:\/\/agilehunter.com\/jobs\/wp-json\/wp\/v2\/pages"}],"about":[{"href":"https:\/\/agilehunter.com\/jobs\/wp-json\/wp\/v2\/types\/page"}],"author":[{"embeddable":true,"href":"https:\/\/agilehunter.com\/jobs\/wp-json\/wp\/v2\/users\/2"}],"replies":[{"embeddable":true,"href":"https:\/\/agilehunter.com\/jobs\/wp-json\/wp\/v2\/comments?post=65"}],"version-history":[{"count":6,"href":"https:\/\/agilehunter.com\/jobs\/wp-json\/wp\/v2\/pages\/65\/revisions"}],"predecessor-version":[{"id":348,"href":"https:\/\/agilehunter.com\/jobs\/wp-json\/wp\/v2\/pages\/65\/revisions\/348"}],"wp:attachment":[{"href":"https:\/\/agilehunter.com\/jobs\/wp-json\/wp\/v2\/media?parent=65"}],"curies":[{"name":"wp","href":"https:\/\/api.w.org\/{rel}","templated":true}]}}