{"id":354,"date":"2020-04-17T23:38:21","date_gmt":"2020-04-17T23:38:21","guid":{"rendered":"https:\/\/agilehunter.com\/jobs\/?page_id=354"},"modified":"2020-04-21T01:10:58","modified_gmt":"2020-04-21T01:10:58","slug":"candidatos","status":"publish","type":"page","link":"https:\/\/agilehunter.com\/jobs\/candidatos\/","title":{"rendered":"Para candidatos"},"content":{"rendered":"\n<p>Actualmente estamos en contacto con m\u00faltiples empresas que buscan personal calificado y certificado en buenas pr\u00e1cticas de TI como Scrum, Kanban, SAFe, desarrollo de software y m\u00e1s. <\/p>\n\n\n\n<p>D\u00e9janos tus datos actualizados para poder hacer un match con tu siguiente trabajo. No te pierdas ninguna oportunidad laboral y adjunta tu CV actualizado. <\/p>\n\n\n\n<p>Esta secci\u00f3n es para uso principal de nuestros alumnos. <\/p>\n\n\n\n<p class=\"has-text-align-center\">\u00a1Comienza tu b\u00fasqueda de empleo ahora!<\/p>\n\n\n\n<p>\u00bfComo lo puedes hacer? d\u00e9janos tus datos en el siguiente formulario:<\/p>\n\n\n\n<div class=\"wpcf7 no-js\" id=\"wpcf7-f67-o1\" lang=\"en-US\" dir=\"ltr\" data-wpcf7-id=\"67\">\n<div class=\"screen-reader-response\"><p role=\"status\" aria-live=\"polite\" aria-atomic=\"true\"><\/p> <ul><\/ul><\/div>\n<form action=\"\/jobs\/wp-json\/wp\/v2\/pages\/354#wpcf7-f67-o1\" method=\"post\" class=\"wpcf7-form init\" aria-label=\"Contact form\" enctype=\"multipart\/form-data\" novalidate=\"novalidate\" data-status=\"init\">\n<fieldset class=\"hidden-fields-container\"><input type=\"hidden\" name=\"_wpcf7\" value=\"67\" \/><input type=\"hidden\" name=\"_wpcf7_version\" value=\"6.1.5\" \/><input type=\"hidden\" name=\"_wpcf7_locale\" value=\"en_US\" \/><input type=\"hidden\" name=\"_wpcf7_unit_tag\" value=\"wpcf7-f67-o1\" \/><input type=\"hidden\" name=\"_wpcf7_container_post\" value=\"0\" \/><input type=\"hidden\" name=\"_wpcf7_posted_data_hash\" value=\"\" \/><input type=\"hidden\" name=\"_wpcf7_recaptcha_response\" value=\"\" \/>\n<\/fieldset>\n<div class=\"form-row-base\">\n\t<div>\n\t\t<p>Nombre Completo\n\t\t<\/p>\n\t<\/div>\n\t<table>\n\t\t<tr>\n\t\t\t<td>\n\t\t\t\t<p><span class=\"wpcf7-form-control-wrap\" data-name=\"your-name\"><input size=\"40\" maxlength=\"400\" class=\"wpcf7-form-control wpcf7-text wpcf7-validates-as-required\" aria-required=\"true\" aria-invalid=\"false\" placeholder=\"Nombres\" value=\"\" type=\"text\" name=\"your-name\" \/><\/span>\n\t\t\t\t<\/p>\n\t\t\t<\/td>\n\t\t\t<td>\n\t\t\t\t<p><span class=\"wpcf7-form-control-wrap\" data-name=\"your-lastname\"><input size=\"40\" maxlength=\"400\" class=\"wpcf7-form-control wpcf7-text wpcf7-validates-as-required\" aria-required=\"true\" aria-invalid=\"false\" placeholder=\"Apellidos\" value=\"\" type=\"text\" name=\"your-lastname\" \/><\/span>\n\t\t\t\t<\/p>\n\t\t\t<\/td>\n\t\t<\/tr>\n\t\t<tr>\n\t\t\t<td>\n\t\t\t\t<p>Correo<br \/>\n<span class=\"wpcf7-form-control-wrap\" data-name=\"your-email\"><input size=\"40\" maxlength=\"400\" class=\"wpcf7-form-control wpcf7-email wpcf7-validates-as-required wpcf7-text wpcf7-validates-as-email\" aria-required=\"true\" aria-invalid=\"false\" placeholder=\"correo@gmail.com\" value=\"\" type=\"email\" name=\"your-email\" \/><\/span>\n\t\t\t\t<\/p>\n\t\t\t<\/td>\n\t\t\t<td>\n\t\t\t\t<p>Tel\u00e9fono<br \/>\n<span class=\"wpcf7-form-control-wrap\" data-name=\"your-phone\"><input size=\"40\" maxlength=\"400\" class=\"wpcf7-form-control wpcf7-tel wpcf7-validates-as-required wpcf7-text wpcf7-validates-as-tel\" aria-required=\"true\" aria-invalid=\"false\" placeholder=\"5555555555\" value=\"\" type=\"tel\" name=\"your-phone\" \/><\/span>\n\t\t\t\t<\/p>\n\t\t\t<\/td>\n\t\t<\/tr>\n\t\t<tr>\n\t\t\t<td>\n\t\t\t\t<p>Intereses<br \/>\n<span class=\"wpcf7-form-control-wrap\" data-name=\"your-categoria\"><select class=\"wpcf7-form-control wpcf7-select wpcf7-validates-as-required\" aria-required=\"true\" aria-invalid=\"false\" multiple=\"multiple\" name=\"your-categoria[]\"><option value=\"Gesti\u00f3n de Proyectos\">Gesti\u00f3n de Proyectos<\/option><option value=\"Gesti\u00f3n de Proyectos \u00c1giles\">Gesti\u00f3n de Proyectos \u00c1giles<\/option><option value=\"Gesti\u00f3n de Servicios\">Gesti\u00f3n de Servicios<\/option><option value=\"Gesti\u00f3n de Productos\">Gesti\u00f3n de Productos<\/option><option value=\"Gobierno de TI\">Gobierno de TI<\/option><option value=\"Ingenier\u00eda de Software\">Ingenier\u00eda de Software<\/option><option value=\"Seguridad de la Informaci\u00f3n\">Seguridad de la Informaci\u00f3n<\/option><option value=\"Procesos de Negocios\">Procesos de Negocios<\/option><option value=\"SAP\">SAP<\/option><\/select><\/span>\n\t\t\t\t<\/p>\n\t\t\t<\/td>\n\t\t\t<td>\n\t\t\t\t<p>Puestos deseados<br \/>\n<span class=\"wpcf7-form-control-wrap\" data-name=\"your-position\"><textarea cols=\"40\" rows=\"10\" maxlength=\"2000\" class=\"wpcf7-form-control wpcf7-textarea wpcf7-validates-as-required\" aria-required=\"true\" aria-invalid=\"false\" placeholder=\"Ej: Product Owner, Scrum Master, Java Developer, etc...\" name=\"your-position\"><\/textarea><\/span>\n\t\t\t\t<\/p>\n\t\t\t<\/td>\n\t\t<\/tr>\n\t\t<tr>\n\t\t\t<td>\n\t\t\t\t<p>Ubicaci\u00f3n<br \/>\n<span class=\"wpcf7-form-control-wrap\" data-name=\"your-city\"><input size=\"40\" maxlength=\"400\" class=\"wpcf7-form-control wpcf7-text wpcf7-validates-as-required\" aria-required=\"true\" aria-invalid=\"false\" placeholder=\"Ciudad de residencia actual\" value=\"\" type=\"text\" name=\"your-city\" \/><\/span>\n\t\t\t\t<\/p>\n\t\t\t<\/td>\n\t\t\t<td>\n\t\t\t\t<p>Disponibilidad para reubicaci\u00f3n<br \/>\n<span class=\"wpcf7-form-control-wrap\" data-name=\"your-reubicacion\"><span class=\"wpcf7-form-control wpcf7-checkbox wpcf7-validates-as-required\"><span class=\"wpcf7-list-item first\"><label><input type=\"checkbox\" name=\"your-reubicacion[]\" value=\"Si\" \/><span class=\"wpcf7-list-item-label\">Si<\/span><\/label><\/span><span class=\"wpcf7-list-item last\"><label><input type=\"checkbox\" name=\"your-reubicacion[]\" value=\"No\" \/><span class=\"wpcf7-list-item-label\">No<\/span><\/label><\/span><\/span><\/span>\n\t\t\t\t<\/p>\n\t\t\t<\/td>\n\t\t<\/tr>\n\t\t<tr>\n\t\t\t<td>\n\t\t\t\t<p>Rango Salarial<br \/>\n<span class=\"wpcf7-form-control-wrap\" data-name=\"your-salary\"><input size=\"40\" maxlength=\"400\" class=\"wpcf7-form-control wpcf7-text wpcf7-validates-as-required\" aria-required=\"true\" aria-invalid=\"false\" placeholder=\"Salario Deseado\" value=\"\" type=\"text\" name=\"your-salary\" \/><\/span>\n\t\t\t\t<\/p>\n\t\t\t<\/td>\n\t\t\t<td>\n\t\t\t\t<p>LinkedIn<br \/>\n<span class=\"wpcf7-form-control-wrap\" data-name=\"your-linkedin\"><input size=\"40\" maxlength=\"400\" class=\"wpcf7-form-control wpcf7-url wpcf7-text wpcf7-validates-as-url\" aria-invalid=\"false\" placeholder=\"LinkedIn URL\" value=\"\" type=\"url\" name=\"your-linkedin\" \/><\/span>\n\t\t\t\t<\/p>\n\t\t\t<\/td>\n\t\t<\/tr>\n\t<\/table>\n\t<div>\n\t\t<p>Mensaje al reclutador<br \/>\n<span class=\"wpcf7-form-control-wrap\" data-name=\"your-message\"><textarea cols=\"40\" rows=\"10\" maxlength=\"2000\" class=\"wpcf7-form-control wpcf7-textarea\" aria-invalid=\"false\" placeholder=\"Mensaje al reclutador...\" name=\"your-message\"><\/textarea><\/span>\n\t\t<\/p>\n\t<\/div>\n\t<div>\n\t\t<p>Adjuntar Curr\u00edculum<br \/>\n<span class=\"wpcf7-form-control-wrap\" data-name=\"your-resume\"><input size=\"40\" class=\"wpcf7-form-control wpcf7-file wpcf7-validates-as-required\" accept=\".pdf,.docx,.txt\" aria-required=\"true\" aria-invalid=\"false\" type=\"file\" name=\"your-resume\" \/><\/span>\n\t\t<\/p>\n\t<\/div>\n\t<div>\n\t\t<p><input class=\"wpcf7-form-control wpcf7-submit has-spinner button color1\" type=\"submit\" value=\"Enviar\" \/>\n\t\t<\/p>\n\t<\/div>\n<\/div><div class=\"wpcf7-response-output\" aria-hidden=\"true\"><\/div>\n<\/form>\n<\/div>\n\n","protected":false},"excerpt":{"rendered":"<p>Actualmente estamos en contacto con m\u00faltiples empresas que buscan personal calificado y certificado en buenas pr\u00e1cticas de TI como Scrum, Kanban, SAFe, desarrollo de software y m\u00e1s. D\u00e9janos tus datos actualizados para poder hacer un match con tu siguiente trabajo. No te pierdas ninguna oportunidad laboral y adjunta tu CV actualizado. Esta secci\u00f3n es para&hellip; <br \/> <a class=\"read-more\" href=\"https:\/\/agilehunter.com\/jobs\/candidatos\/\">Read more<\/a><\/p>\n","protected":false},"author":2,"featured_media":0,"parent":0,"menu_order":0,"comment_status":"closed","ping_status":"closed","template":"","meta":{"_joinchat":[],"footnotes":""},"class_list":["post-354","page","type-page","status-publish","hentry"],"yoast_head":"<!-- This site is optimized with the Yoast SEO plugin v27.2 - https:\/\/yoast.com\/product\/yoast-seo-wordpress\/ -->\n<title>Para candidatos - Agile Hunter - Bolsa de Trabajo<\/title>\n<meta name=\"robots\" content=\"index, follow, max-snippet:-1, max-image-preview:large, max-video-preview:-1\" \/>\n<link rel=\"canonical\" href=\"https:\/\/agilehunter.com\/jobs\/candidatos\/\" \/>\n<meta property=\"og:locale\" content=\"en_US\" \/>\n<meta property=\"og:type\" content=\"article\" \/>\n<meta property=\"og:title\" content=\"Para candidatos - Agile Hunter - Bolsa de Trabajo\" \/>\n<meta property=\"og:description\" content=\"Actualmente estamos en contacto con m\u00faltiples empresas que buscan personal calificado y certificado en buenas pr\u00e1cticas de TI como Scrum, Kanban, SAFe, desarrollo de software y m\u00e1s. D\u00e9janos tus datos actualizados para poder hacer un match con tu siguiente trabajo. No te pierdas ninguna oportunidad laboral y adjunta tu CV actualizado. Esta secci\u00f3n es para&hellip; Read more\" \/>\n<meta property=\"og:url\" content=\"https:\/\/agilehunter.com\/jobs\/candidatos\/\" \/>\n<meta property=\"og:site_name\" content=\"Agile Hunter - Bolsa de Trabajo\" \/>\n<meta property=\"article:modified_time\" content=\"2020-04-21T01:10:58+00:00\" \/>\n<meta name=\"twitter:card\" content=\"summary_large_image\" \/>\n<script type=\"application\/ld+json\" class=\"yoast-schema-graph\">{\"@context\":\"https:\/\/schema.org\",\"@graph\":[{\"@type\":\"WebPage\",\"@id\":\"https:\/\/agilehunter.com\/jobs\/candidatos\/\",\"url\":\"https:\/\/agilehunter.com\/jobs\/candidatos\/\",\"name\":\"Para candidatos - Agile Hunter - Bolsa de Trabajo\",\"isPartOf\":{\"@id\":\"https:\/\/agilehunter.com\/jobs\/#website\"},\"datePublished\":\"2020-04-17T23:38:21+00:00\",\"dateModified\":\"2020-04-21T01:10:58+00:00\",\"breadcrumb\":{\"@id\":\"https:\/\/agilehunter.com\/jobs\/candidatos\/#breadcrumb\"},\"inLanguage\":\"en-US\",\"potentialAction\":[{\"@type\":\"ReadAction\",\"target\":[\"https:\/\/agilehunter.com\/jobs\/candidatos\/\"]}]},{\"@type\":\"BreadcrumbList\",\"@id\":\"https:\/\/agilehunter.com\/jobs\/candidatos\/#breadcrumb\",\"itemListElement\":[{\"@type\":\"ListItem\",\"position\":1,\"name\":\"Home\",\"item\":\"https:\/\/agilehunter.com\/jobs\/\"},{\"@type\":\"ListItem\",\"position\":2,\"name\":\"Para candidatos\"}]},{\"@type\":\"WebSite\",\"@id\":\"https:\/\/agilehunter.com\/jobs\/#website\",\"url\":\"https:\/\/agilehunter.com\/jobs\/\",\"name\":\"Agile Hunter - Bolsa de Trabajo\",\"description\":\"Personas sobre procesos\",\"publisher\":{\"@id\":\"https:\/\/agilehunter.com\/jobs\/#organization\"},\"potentialAction\":[{\"@type\":\"SearchAction\",\"target\":{\"@type\":\"EntryPoint\",\"urlTemplate\":\"https:\/\/agilehunter.com\/jobs\/?s={search_term_string}\"},\"query-input\":{\"@type\":\"PropertyValueSpecification\",\"valueRequired\":true,\"valueName\":\"search_term_string\"}}],\"inLanguage\":\"en-US\"},{\"@type\":\"Organization\",\"@id\":\"https:\/\/agilehunter.com\/jobs\/#organization\",\"name\":\"Agile Hunter - Bolsa de Trabajo\",\"url\":\"https:\/\/agilehunter.com\/jobs\/\",\"logo\":{\"@type\":\"ImageObject\",\"inLanguage\":\"en-US\",\"@id\":\"https:\/\/agilehunter.com\/jobs\/#\/schema\/logo\/image\/\",\"url\":\"https:\/\/agilehunter.com\/jobs\/wp-content\/uploads\/sites\/5\/2020\/04\/cropped-sourcefile-01.png\",\"contentUrl\":\"https:\/\/agilehunter.com\/jobs\/wp-content\/uploads\/sites\/5\/2020\/04\/cropped-sourcefile-01.png\",\"width\":2836,\"height\":780,\"caption\":\"Agile Hunter - Bolsa de Trabajo\"},\"image\":{\"@id\":\"https:\/\/agilehunter.com\/jobs\/#\/schema\/logo\/image\/\"}}]}<\/script>\n<!-- \/ Yoast SEO plugin. -->","yoast_head_json":{"title":"Para candidatos - Agile Hunter - Bolsa de Trabajo","robots":{"index":"index","follow":"follow","max-snippet":"max-snippet:-1","max-image-preview":"max-image-preview:large","max-video-preview":"max-video-preview:-1"},"canonical":"https:\/\/agilehunter.com\/jobs\/candidatos\/","og_locale":"en_US","og_type":"article","og_title":"Para candidatos - Agile Hunter - Bolsa de Trabajo","og_description":"Actualmente estamos en contacto con m\u00faltiples empresas que buscan personal calificado y certificado en buenas pr\u00e1cticas de TI como Scrum, Kanban, SAFe, desarrollo de software y m\u00e1s. D\u00e9janos tus datos actualizados para poder hacer un match con tu siguiente trabajo. No te pierdas ninguna oportunidad laboral y adjunta tu CV actualizado. Esta secci\u00f3n es para&hellip; Read more","og_url":"https:\/\/agilehunter.com\/jobs\/candidatos\/","og_site_name":"Agile Hunter - Bolsa de Trabajo","article_modified_time":"2020-04-21T01:10:58+00:00","twitter_card":"summary_large_image","schema":{"@context":"https:\/\/schema.org","@graph":[{"@type":"WebPage","@id":"https:\/\/agilehunter.com\/jobs\/candidatos\/","url":"https:\/\/agilehunter.com\/jobs\/candidatos\/","name":"Para candidatos - Agile Hunter - Bolsa de Trabajo","isPartOf":{"@id":"https:\/\/agilehunter.com\/jobs\/#website"},"datePublished":"2020-04-17T23:38:21+00:00","dateModified":"2020-04-21T01:10:58+00:00","breadcrumb":{"@id":"https:\/\/agilehunter.com\/jobs\/candidatos\/#breadcrumb"},"inLanguage":"en-US","potentialAction":[{"@type":"ReadAction","target":["https:\/\/agilehunter.com\/jobs\/candidatos\/"]}]},{"@type":"BreadcrumbList","@id":"https:\/\/agilehunter.com\/jobs\/candidatos\/#breadcrumb","itemListElement":[{"@type":"ListItem","position":1,"name":"Home","item":"https:\/\/agilehunter.com\/jobs\/"},{"@type":"ListItem","position":2,"name":"Para candidatos"}]},{"@type":"WebSite","@id":"https:\/\/agilehunter.com\/jobs\/#website","url":"https:\/\/agilehunter.com\/jobs\/","name":"Agile Hunter - Bolsa de Trabajo","description":"Personas sobre procesos","publisher":{"@id":"https:\/\/agilehunter.com\/jobs\/#organization"},"potentialAction":[{"@type":"SearchAction","target":{"@type":"EntryPoint","urlTemplate":"https:\/\/agilehunter.com\/jobs\/?s={search_term_string}"},"query-input":{"@type":"PropertyValueSpecification","valueRequired":true,"valueName":"search_term_string"}}],"inLanguage":"en-US"},{"@type":"Organization","@id":"https:\/\/agilehunter.com\/jobs\/#organization","name":"Agile Hunter - Bolsa de Trabajo","url":"https:\/\/agilehunter.com\/jobs\/","logo":{"@type":"ImageObject","inLanguage":"en-US","@id":"https:\/\/agilehunter.com\/jobs\/#\/schema\/logo\/image\/","url":"https:\/\/agilehunter.com\/jobs\/wp-content\/uploads\/sites\/5\/2020\/04\/cropped-sourcefile-01.png","contentUrl":"https:\/\/agilehunter.com\/jobs\/wp-content\/uploads\/sites\/5\/2020\/04\/cropped-sourcefile-01.png","width":2836,"height":780,"caption":"Agile Hunter - Bolsa de Trabajo"},"image":{"@id":"https:\/\/agilehunter.com\/jobs\/#\/schema\/logo\/image\/"}}]}},"_links":{"self":[{"href":"https:\/\/agilehunter.com\/jobs\/wp-json\/wp\/v2\/pages\/354","targetHints":{"allow":["GET"]}}],"collection":[{"href":"https:\/\/agilehunter.com\/jobs\/wp-json\/wp\/v2\/pages"}],"about":[{"href":"https:\/\/agilehunter.com\/jobs\/wp-json\/wp\/v2\/types\/page"}],"author":[{"embeddable":true,"href":"https:\/\/agilehunter.com\/jobs\/wp-json\/wp\/v2\/users\/2"}],"replies":[{"embeddable":true,"href":"https:\/\/agilehunter.com\/jobs\/wp-json\/wp\/v2\/comments?post=354"}],"version-history":[{"count":4,"href":"https:\/\/agilehunter.com\/jobs\/wp-json\/wp\/v2\/pages\/354\/revisions"}],"predecessor-version":[{"id":429,"href":"https:\/\/agilehunter.com\/jobs\/wp-json\/wp\/v2\/pages\/354\/revisions\/429"}],"wp:attachment":[{"href":"https:\/\/agilehunter.com\/jobs\/wp-json\/wp\/v2\/media?parent=354"}],"curies":[{"name":"wp","href":"https:\/\/api.w.org\/{rel}","templated":true}]}}